{"id":3106,"date":"2025-10-05T02:43:28","date_gmt":"2025-10-05T02:43:28","guid":{"rendered":"https:\/\/sumptuous-savard-08a.zipwp.site\/?page_id=3106"},"modified":"2025-10-18T02:22:55","modified_gmt":"2025-10-18T02:22:55","slug":"politica-de-privacidade","status":"publish","type":"page","link":"https:\/\/isuno.pt\/en\/politica-de-privacidade\/","title":{"rendered":"Privacy Policy"},"content":{"rendered":"<div data-elementor-type=\"wp-page\" data-elementor-id=\"3106\" class=\"elementor elementor-3106\" data-elementor-post-type=\"page\">\n\t\t\t\t<div class=\"elementor-element elementor-element-6d42e20d e-flex e-con-boxed e-con e-parent\" data-id=\"6d42e20d\" data-element_type=\"container\" data-e-type=\"container\">\n\t\t\t\t\t<div class=\"e-con-inner\">\n\t\t\t\t<div class=\"elementor-element elementor-element-4d25020 elementor-widget elementor-widget-html\" data-id=\"4d25020\" data-element_type=\"widget\" data-e-type=\"widget\" data-widget_type=\"html.default\">\n\t\t\t\t\t<style>\n\n\n\/* For\u00e7ar background do header Isuno *\/\n.elementor-location-header,\n.elementor-header,\nheader.site-header,\nheader.elementor-header {\n    background-color: #E97B17 !important;\n}\n\n\/* Caso haja um wrapper interno *\/\n.elementor-location-header .elementor-container,\nheader.elementor-header .elementor-container {\n    background-color: #E97B17 !important;\n}\n<\/style>\t\t\t\t<\/div>\n\t\t\t\t<div class=\"elementor-element elementor-element-bcf3024 elementor-widget elementor-widget-text-editor\" data-id=\"bcf3024\" data-element_type=\"widget\" data-e-type=\"widget\" data-widget_type=\"text-editor.default\">\n\t\t\t\t\t\t\t\t\t\n<h1 data-start=\"212\" data-end=\"237\">Privacy Policy<\/h1>\n<p data-start=\"239\" data-end=\"273\"><strong data-start=\"239\" data-end=\"262\">Last updated:<\/strong> 04\/10\/2025<\/p>\n<p data-start=\"275\" data-end=\"544\">In <strong data-start=\"278\" data-end=\"287\">Isuno<\/strong>We value your privacy and are committed to protecting your personal data. This Privacy Policy explains how we collect, use, store, and protect your information when you visit our website or place an order.<\/p>\n<h2 data-start=\"546\" data-end=\"577\">1. Information we collect<\/h2>\n<p data-start=\"578\" data-end=\"625\">We may collect the following personal data:<\/p>\n<ul data-start=\"626\" data-end=\"850\">\n<li data-start=\"626\" data-end=\"698\">\n<p data-start=\"628\" data-end=\"698\">Name, email, address and phone number provided at the time of ordering.<\/p>\n<\/li>\n<li data-start=\"699\" data-end=\"776\">\n<p data-start=\"701\" data-end=\"776\">Payment information (through secure gateways such as Viva Wallet).<\/p>\n<\/li>\n<li data-start=\"777\" data-end=\"850\">\n<p data-start=\"779\" data-end=\"850\">Website browsing data (cookies, IP address, pages visited).<\/p>\n<\/li>\n<\/ul>\n<h2 data-start=\"852\" data-end=\"887\">2. How we use your data<\/h2>\n<p data-start=\"888\" data-end=\"916\">We use your data to:<\/p>\n<ul data-start=\"917\" data-end=\"1132\">\n<li data-start=\"917\" data-end=\"961\">\n<p data-start=\"919\" data-end=\"961\">Process and deliver your orders.<\/p>\n<\/li>\n<li data-start=\"962\" data-end=\"1061\">\n<p data-start=\"964\" data-end=\"1061\">We will notify you of updates regarding your order or special offers (only if you have given us permission).<\/p>\n<\/li>\n<li data-start=\"1062\" data-end=\"1132\">\n<p data-start=\"1064\" data-end=\"1132\">To improve the browsing experience and optimize our services.<\/p>\n<\/li>\n<\/ul>\n<h2 data-start=\"1134\" data-end=\"1165\">3. Data sharing<\/h2>\n<p data-start=\"1166\" data-end=\"1300\">We do not sell or share your personal data with third parties for commercial purposes. However, we may share information with:<\/p>\n<ul data-start=\"1301\" data-end=\"1474\">\n<li data-start=\"1301\" data-end=\"1377\">\n<p data-start=\"1303\" data-end=\"1377\">Delivery companies (Uber Eats, Glovo) for order processing.<\/p>\n<\/li>\n<li data-start=\"1378\" data-end=\"1474\">\n<p data-start=\"1380\" data-end=\"1474\">Payment service providers (Viva Wallet) to complete transactions securely.<\/p>\n<\/li>\n<\/ul>\n<h2 data-start=\"1476\" data-end=\"1491\">4. Security<\/h2>\n<p data-start=\"1492\" data-end=\"1632\">We have adopted technical and organizational measures to protect your data against unauthorized access, alteration, disclosure, or destruction.<\/p>\n<h2 data-start=\"1634\" data-end=\"1647\">5. Cookies<\/h2>\n<p data-start=\"1648\" data-end=\"1867\">Our website uses cookies to improve user experience and analyze traffic. You can configure your browser to refuse cookies, but some website functionalities may not work correctly.<\/p>\n<h2 data-start=\"1869\" data-end=\"1888\">6. Your rights<\/h2>\n<p data-start=\"1889\" data-end=\"1905\">You are entitled to:<\/p>\n<ul data-start=\"1906\" data-end=\"2110\">\n<li data-start=\"1906\" data-end=\"1960\">\n<p data-start=\"1908\" data-end=\"1960\">Access, correct, or delete your personal data.<\/p>\n<\/li>\n<li data-start=\"1961\" data-end=\"2025\">\n<p data-start=\"1963\" data-end=\"2025\">Withdraw your consent to marketing communications.<\/p>\n<\/li>\n<li data-start=\"2026\" data-end=\"2110\">\n<p data-start=\"2028\" data-end=\"2110\">Request to limit the processing of your data or object to its processing.<\/p>\n<\/li>\n<\/ul>\n<p data-start=\"2112\" data-end=\"2205\">To exercise any of these rights, please contact us via email: <strong data-start=\"2185\" data-end=\"2202\"><a class=\"decorated-link cursor-pointer\" rel=\"noopener\" data-start=\"2187\" data-end=\"2200\">info@isuno.pt<\/a><\/strong>.<\/p>\n<h2 data-start=\"2207\" data-end=\"2239\">7. Changes to this Policy<\/h2>\n<p data-start=\"2240\" data-end=\"2363\">We may update this policy periodically. The date of the last update will always be indicated at the beginning of the document.<\/p>\n\t\t\t\t\t\t\t\t<\/div>\n\t\t\t\t\t<\/div>\n\t\t\t\t<\/div>\n\t\t\t\t<\/div>","protected":false},"excerpt":{"rendered":"<p>Pol\u00edtica de Privacidade \u00daltima atualiza\u00e7\u00e3o: 04\/10\/2025 Na Isuno, valorizamos a sua privacidade e estamos comprometidos em proteger os seus dados pessoais. Esta Pol\u00edtica de Privacidade explica como recolhemos, utilizamos, armazenamos e protegemos as suas informa\u00e7\u00f5es quando visita o nosso website ou efetua uma encomenda. 1. Informa\u00e7\u00e3o que recolhemos Podemos recolher os seguintes dados pessoais: Nome, [&hellip;]<\/p>","protected":false},"author":1,"featured_media":0,"parent":0,"menu_order":0,"comment_status":"closed","ping_status":"closed","template":"elementor_header_footer","meta":{"footnotes":""},"class_list":["post-3106","page","type-page","status-publish","hentry"],"_hostinger_reach_plugin_has_subscription_block":false,"_hostinger_reach_plugin_is_elementor":false,"_links":{"self":[{"href":"https:\/\/isuno.pt\/en\/wp-json\/wp\/v2\/pages\/3106","targetHints":{"allow":["GET"]}}],"collection":[{"href":"https:\/\/isuno.pt\/en\/wp-json\/wp\/v2\/pages"}],"about":[{"href":"https:\/\/isuno.pt\/en\/wp-json\/wp\/v2\/types\/page"}],"author":[{"embeddable":true,"href":"https:\/\/isuno.pt\/en\/wp-json\/wp\/v2\/users\/1"}],"replies":[{"embeddable":true,"href":"https:\/\/isuno.pt\/en\/wp-json\/wp\/v2\/comments?post=3106"}],"version-history":[{"count":8,"href":"https:\/\/isuno.pt\/en\/wp-json\/wp\/v2\/pages\/3106\/revisions"}],"predecessor-version":[{"id":4241,"href":"https:\/\/isuno.pt\/en\/wp-json\/wp\/v2\/pages\/3106\/revisions\/4241"}],"wp:attachment":[{"href":"https:\/\/isuno.pt\/en\/wp-json\/wp\/v2\/media?parent=3106"}],"curies":[{"name":"wp","href":"https:\/\/api.w.org\/{rel}","templated":true}]}}